{"id":1004,"date":"2021-02-16T15:30:24","date_gmt":"2021-02-16T15:30:24","guid":{"rendered":"https:\/\/hermostoheikko.net\/index.php\/home\/"},"modified":"2025-10-21T20:59:39","modified_gmt":"2025-10-21T20:59:39","slug":"home","status":"publish","type":"page","link":"https:\/\/hermostoheikko.net\/","title":{"rendered":"Koti"},"content":{"rendered":"\n<figure class=\"wp-block-pullquote has-text-color\" style=\"color:#3a321d;font-size:25px;font-style:normal;font-weight:100\"><blockquote><p><\/p><cite>Olet juuri nyt oikeassa paikassa.<\/cite><\/blockquote><\/figure>\n\n\n\n<p>Hermostoheikko syntyi tarpeesta \u2013 tarpeesta l\u00f6yt\u00e4\u00e4 sanat niille tunteille, joita ei aina ole helppo pukea sanoiksi. Tarpeesta kuulua joukkoon, vaikka arki olisi keskener\u00e4ist\u00e4, kivuliasta tai uupumuksen s\u00e4vytt\u00e4m\u00e4\u00e4.<\/p>\n\n\n\n<p>T\u00e4\u00e4ll\u00e4 puhutaan rehellisesti mielenterveydest\u00e4, hermoston kuormittumisesta, kroonisesta kivusta ja kaikesta siit\u00e4, mit\u00e4 ne tekev\u00e4t ihmisyydelle, arjelle ja identiteetille. <\/p>\n\n\n\n<p>Ei diagnoosein, ei ylh\u00e4\u00e4lt\u00e4 k\u00e4sin \u2013 vaan vertaisena, rinnalla.<\/p>\n\n\n\n<p>Tavoitteeni ei ole tarjota valmiita vastauksia, vaan jakaa tietoa, kokemuksia ja ty\u00f6kaluja sinun k\u00e4ytt\u00f6\u00f6si. <\/p>\n\n\n\n<p>Ehk\u00e4 l\u00f6yd\u00e4t t\u00e4\u00e4lt\u00e4 sanoja omalle matkallesi \u2013 tai tunnet hetken ajan, ettet ole yksin.<\/p>\n\n\n\n<p><strong data-start=\"910\" data-end=\"963\">Tervetuloa mukaan. Olet arvokas juuri t\u00e4llaisena.<\/strong> <\/p>\n\n\n\n<div style=\"height:3rem\" aria-hidden=\"true\" class=\"wp-block-spacer\"><\/div>\n\n\n<div class=\"wp-block-image\">\n<figure class=\"aligncenter size-full is-resized\"><img fetchpriority=\"high\" decoding=\"async\" width=\"512\" height=\"640\" src=\"https:\/\/hermostoheikko.net\/wp-content\/uploads\/2025\/08\/woman-6172708_640.jpg\" alt=\"\" class=\"wp-image-3869\" style=\"width:544px\" srcset=\"https:\/\/hermostoheikko.net\/wp-content\/uploads\/2025\/08\/woman-6172708_640.jpg 512w, https:\/\/hermostoheikko.net\/wp-content\/uploads\/2025\/08\/woman-6172708_640-240x300.jpg 240w\" sizes=\"(max-width: 512px) 100vw, 512px\" \/><\/figure><\/div>","protected":false},"excerpt":{"rendered":"<p>Olet juuri nyt oikeassa paikassa. Hermostoheikko syntyi tarpeesta \u2013 tarpeesta l\u00f6yt\u00e4\u00e4 sanat niille tunteille, joita ei aina ole helppo pukea sanoiksi. Tarpeesta kuulua joukkoon, vaikka arki olisi keskener\u00e4ist\u00e4, kivuliasta tai uupumuksen s\u00e4vytt\u00e4m\u00e4\u00e4. T\u00e4\u00e4ll\u00e4 puhutaan rehellisesti mielenterveydest\u00e4, hermoston kuormittumisesta, kroonisesta kivusta ja kaikesta siit\u00e4, mit\u00e4 ne tekev\u00e4t ihmisyydelle, arjelle ja identiteetille. Ei diagnoosein, ei ylh\u00e4\u00e4lt\u00e4 k\u00e4sin \u2013 vaan vertaisena, rinnalla. Tavoitteeni ei ole tarjota valmiita vastauksia, vaan jakaa tietoa, kokemuksia ja ty\u00f6kaluja sinun k\u00e4ytt\u00f6\u00f6si. Ehk\u00e4 l\u00f6yd\u00e4t t\u00e4\u00e4lt\u00e4 sanoja omalle matkallesi \u2013 tai tunnet hetken ajan, ettet ole yksin. Tervetuloa mukaan. Olet arvokas juuri t\u00e4llaisena.<\/p>\n","protected":false},"author":1,"featured_media":0,"parent":0,"menu_order":0,"comment_status":"closed","ping_status":"closed","template":"","meta":{"_monsterinsights_skip_tracking":false,"_monsterinsights_sitenote_active":false,"_monsterinsights_sitenote_note":"","_monsterinsights_sitenote_category":0,"footnotes":""},"class_list":["post-1004","page","type-page","status-publish","hentry"],"aioseo_notices":[],"acf":[],"_links":{"self":[{"href":"https:\/\/hermostoheikko.net\/index.php\/wp-json\/wp\/v2\/pages\/1004","targetHints":{"allow":["GET"]}}],"collection":[{"href":"https:\/\/hermostoheikko.net\/index.php\/wp-json\/wp\/v2\/pages"}],"about":[{"href":"https:\/\/hermostoheikko.net\/index.php\/wp-json\/wp\/v2\/types\/page"}],"author":[{"embeddable":true,"href":"https:\/\/hermostoheikko.net\/index.php\/wp-json\/wp\/v2\/users\/1"}],"replies":[{"embeddable":true,"href":"https:\/\/hermostoheikko.net\/index.php\/wp-json\/wp\/v2\/comments?post=1004"}],"version-history":[{"count":4,"href":"https:\/\/hermostoheikko.net\/index.php\/wp-json\/wp\/v2\/pages\/1004\/revisions"}],"predecessor-version":[{"id":3897,"href":"https:\/\/hermostoheikko.net\/index.php\/wp-json\/wp\/v2\/pages\/1004\/revisions\/3897"}],"wp:attachment":[{"href":"https:\/\/hermostoheikko.net\/index.php\/wp-json\/wp\/v2\/media?parent=1004"}],"curies":[{"name":"wp","href":"https:\/\/api.w.org\/{rel}","templated":true}]}}